{"id":35,"date":"2025-12-26T02:44:21","date_gmt":"2025-12-26T02:44:21","guid":{"rendered":"https:\/\/alba.gallery\/?page_id=35"},"modified":"2025-12-26T02:56:16","modified_gmt":"2025-12-26T02:56:16","slug":"statement","status":"publish","type":"page","link":"https:\/\/alba.gallery\/?page_id=35","title":{"rendered":"Statement"},"content":{"rendered":"\n<p>SPANISH<\/p>\n\n\n\n<p>Alba Simarro, licenciada de Bellas Artes, es una artista emergente de car\u00e1cter multidisciplinar especializada en gr\u00e1fica e instalaci\u00f3n. Actualmente trabaja en el di\u00e1logo que existe entre, por una parte, la reproducci\u00f3n de la imagen con procesos manuales como el grabado y procesos fotoqu\u00edmicos, y por otra parte el trabajo digital, donde se especializa en el tratamiento de la imagen digital, la video creaci\u00f3n, y la instalaci\u00f3n audiovisual. Conceptualmente habla desde conocimientos de la filosof\u00eda ontol\u00f3gica y la f\u00edsica cu\u00e1ntica sobre el momento presente y la realidad de auge tecnol\u00f3gico que vivimos, se cuestiona las redes que se forman y plantea nuevas maneras de relacionarse en base a entender los principios fundamentales de la existencia, todo con un amparo de imaginer\u00eda abstracta que habla del azar. Fuertemente comprometida con la sostenibilidad y el medio ambiente, trabaja con materiales reciclados para su pr\u00e1ctica y est\u00e1 interesada en la reutilizaci\u00f3n y restauraci\u00f3n, as\u00ed como en rescatar de los sistemas de gesti\u00f3n de residuos a gran escala materia para obra art\u00edstica. Ha participado en distintas exposiciones colectivas de \u00e1mbito local en La Primera Librer\u00eda, la Casa de la Cultura de Quart de Poblet, Iberflora, la sala Sant Miquel de la Fundaci\u00f3 Caixa Castell\u00f3, y en la sala T4 de la Facultad de Bellas Artes de Sant Carles, as\u00ed como de \u00e1mbito internacional en Cuba. Tambi\u00e9n ha impartido talleres did\u00e1cticos en el barrio de La Mina de Barcelona para despertar el inter\u00e9s por el arte en mujeres adolescentes de barrios marginales. Y ha participado como ponente en las Jornadas de Reflexi\u00f3n, Reconstrucci\u00f3n y Regeneraci\u00f3n en las Artes Visuales tras la DANA, 2025. Se encuentra actualmente trabajando en el espacio Pluto en Valencia, en el que se palpa la innovaci\u00f3n art\u00edstica y es el frente de batalla de las artes visuales y contempor\u00e1neas en la ciudad.<\/p>\n\n\n\n<p><\/p>\n","protected":false},"excerpt":{"rendered":"<p>SPANISH Alba Simarro, licenciada de Bellas Artes, es una artista emergente de car\u00e1cter multidisciplinar especializada en gr\u00e1fica e instalaci\u00f3n. Actualmente trabaja en el di\u00e1logo que existe entre, por una parte, la reproducci\u00f3n de la imagen con procesos manuales como el grabado y procesos fotoqu\u00edmicos, y por otra parte el trabajo digital, donde se especializa en [&hellip;]<\/p>\n","protected":false},"author":1,"featured_media":0,"parent":18,"menu_order":2,"comment_status":"closed","ping_status":"closed","template":"","meta":{"footnotes":""},"class_list":["post-35","page","type-page","status-publish","hentry"],"_links":{"self":[{"href":"https:\/\/alba.gallery\/index.php?rest_route=\/wp\/v2\/pages\/35","targetHints":{"allow":["GET"]}}],"collection":[{"href":"https:\/\/alba.gallery\/index.php?rest_route=\/wp\/v2\/pages"}],"about":[{"href":"https:\/\/alba.gallery\/index.php?rest_route=\/wp\/v2\/types\/page"}],"author":[{"embeddable":true,"href":"https:\/\/alba.gallery\/index.php?rest_route=\/wp\/v2\/users\/1"}],"replies":[{"embeddable":true,"href":"https:\/\/alba.gallery\/index.php?rest_route=%2Fwp%2Fv2%2Fcomments&post=35"}],"version-history":[{"count":1,"href":"https:\/\/alba.gallery\/index.php?rest_route=\/wp\/v2\/pages\/35\/revisions"}],"predecessor-version":[{"id":36,"href":"https:\/\/alba.gallery\/index.php?rest_route=\/wp\/v2\/pages\/35\/revisions\/36"}],"up":[{"embeddable":true,"href":"https:\/\/alba.gallery\/index.php?rest_route=\/wp\/v2\/pages\/18"}],"wp:attachment":[{"href":"https:\/\/alba.gallery\/index.php?rest_route=%2Fwp%2Fv2%2Fmedia&parent=35"}],"curies":[{"name":"wp","href":"https:\/\/api.w.org\/{rel}","templated":true}]}}